{"id":39,"date":"2019-09-26T17:33:50","date_gmt":"2019-09-26T17:33:50","guid":{"rendered":"http:\/\/shootingclubsociety.de\/?page_id=39"},"modified":"2019-10-01T10:17:00","modified_gmt":"2019-10-01T10:17:00","slug":"startseite","status":"publish","type":"page","link":"https:\/\/shootingclubsociety.de\/","title":{"rendered":"Shooting Club Society e.V."},"content":{"rendered":"\n<figure class=\"wp-block-image\"><img loading=\"lazy\" decoding=\"async\" width=\"482\" height=\"80\" src=\"http:\/\/shootingclubsociety.de\/wp-content\/uploads\/2019\/10\/img-20190926-wa00026440050673904848272.jpg\" alt=\"\" class=\"wp-image-103\" srcset=\"https:\/\/shootingclubsociety.de\/wp-content\/uploads\/2019\/10\/img-20190926-wa00026440050673904848272.jpg 482w, https:\/\/shootingclubsociety.de\/wp-content\/uploads\/2019\/10\/img-20190926-wa00026440050673904848272-300x50.jpg 300w\" sizes=\"auto, (max-width: 482px) 100vw, 482px\" \/><\/figure>\n\n\n\n<p>Herzlich Willkommen,<\/p>\n\n\n\n<p>bei Shooting Club Society e.V. Wir sind der elit\u00e4re Verein f\u00fcr alle Sportsch\u00fctzen. Sie finden uns in <strong>N\u00fcrnberg, M\u00fcnchen, Regensburg, Stuttgart<\/strong>. F\u00fcr weitere Nachfragen kontaktieren sie uns \u00fcber das nachfolgende Kontaktformular.<\/p>\n","protected":false},"excerpt":{"rendered":"<p>Herzlich Willkommen, bei Shooting Club Society e.V. Wir sind der elit\u00e4re Verein f\u00fcr alle Sportsch\u00fctzen. Sie finden uns in N\u00fcrnberg, M\u00fcnchen, Regensburg, Stuttgart. F\u00fcr weitere Nachfragen kontaktieren sie uns \u00fcber das nachfolgende Kontaktformular.<\/p>\n","protected":false},"author":3,"featured_media":102,"parent":0,"menu_order":0,"comment_status":"closed","ping_status":"closed","template":"","meta":{"footnotes":""},"class_list":["post-39","page","type-page","status-publish","has-post-thumbnail","hentry"],"jetpack_sharing_enabled":true,"_links":{"self":[{"href":"https:\/\/shootingclubsociety.de\/index.php\/wp-json\/wp\/v2\/pages\/39","targetHints":{"allow":["GET"]}}],"collection":[{"href":"https:\/\/shootingclubsociety.de\/index.php\/wp-json\/wp\/v2\/pages"}],"about":[{"href":"https:\/\/shootingclubsociety.de\/index.php\/wp-json\/wp\/v2\/types\/page"}],"author":[{"embeddable":true,"href":"https:\/\/shootingclubsociety.de\/index.php\/wp-json\/wp\/v2\/users\/3"}],"replies":[{"embeddable":true,"href":"https:\/\/shootingclubsociety.de\/index.php\/wp-json\/wp\/v2\/comments?post=39"}],"version-history":[{"count":10,"href":"https:\/\/shootingclubsociety.de\/index.php\/wp-json\/wp\/v2\/pages\/39\/revisions"}],"predecessor-version":[{"id":104,"href":"https:\/\/shootingclubsociety.de\/index.php\/wp-json\/wp\/v2\/pages\/39\/revisions\/104"}],"wp:featuredmedia":[{"embeddable":true,"href":"https:\/\/shootingclubsociety.de\/index.php\/wp-json\/wp\/v2\/media\/102"}],"wp:attachment":[{"href":"https:\/\/shootingclubsociety.de\/index.php\/wp-json\/wp\/v2\/media?parent=39"}],"curies":[{"name":"wp","href":"https:\/\/api.w.org\/{rel}","templated":true}]}}